{"id":25227,"date":"2021-02-24T19:39:24","date_gmt":"2021-02-24T19:39:24","guid":{"rendered":"http:\/\/fundacionlober.org\/?page_id=25227"},"modified":"2021-06-03T18:51:08","modified_gmt":"2021-06-03T18:51:08","slug":"registro-donador","status":"publish","type":"page","link":"https:\/\/fundacionlober.org\/index.php\/registro-donador\/","title":{"rendered":"Registro Donador"},"content":{"rendered":"\t\t<div data-elementor-type=\"wp-post\" data-elementor-id=\"25227\" class=\"elementor elementor-25227\" data-elementor-settings=\"[]\">\n\t\t\t\t\t\t<div class=\"elementor-inner\">\n\t\t\t\t\t\t\t<div class=\"elementor-section-wrap\">\n\t\t\t\t\t\t\t<section class=\"elementor-section elementor-top-section elementor-element elementor-element-1e510346 elementor-section-boxed elementor-section-height-default elementor-section-height-default\" data-id=\"1e510346\" data-element_type=\"section\" data-settings=\"{&quot;background_background&quot;:&quot;gradient&quot;}\">\n\t\t\t\t\t\t<div class=\"elementor-container elementor-column-gap-default\">\n\t\t\t\t\t\t\t<div class=\"elementor-row\">\n\t\t\t\t\t<div class=\"elementor-column elementor-col-100 elementor-top-column elementor-element elementor-element-54dcaf95\" data-id=\"54dcaf95\" data-element_type=\"column\">\n\t\t\t<div class=\"elementor-column-wrap elementor-element-populated\">\n\t\t\t\t\t\t\t<div class=\"elementor-widget-wrap\">\n\t\t\t\t\t\t<div class=\"elementor-element elementor-element-18ce8ab4 elementor-position-top elementor-vertical-align-top elementor-widget elementor-widget-image-box\" data-id=\"18ce8ab4\" data-element_type=\"widget\" data-widget_type=\"image-box.default\">\n\t\t\t\t<div class=\"elementor-widget-container\">\n\t\t\t<div class=\"elementor-image-box-wrapper\"><div class=\"elementor-image-box-content\"><h1 class=\"elementor-image-box-title\">Registro Donador<\/h1><\/div><\/div>\t\t<\/div>\n\t\t\t\t<\/div>\n\t\t\t\t\t\t<\/div>\n\t\t\t\t\t<\/div>\n\t\t<\/div>\n\t\t\t\t\t\t\t\t<\/div>\n\t\t\t\t\t<\/div>\n\t\t<\/section>\n\t\t\t\t<section class=\"elementor-section elementor-top-section elementor-element elementor-element-8597604 elementor-section-boxed elementor-section-height-default elementor-section-height-default\" data-id=\"8597604\" data-element_type=\"section\">\n\t\t\t\t\t\t<div class=\"elementor-container elementor-column-gap-default\">\n\t\t\t\t\t\t\t<div class=\"elementor-row\">\n\t\t\t\t\t<div class=\"elementor-column elementor-col-100 elementor-top-column elementor-element elementor-element-c5f59fc\" data-id=\"c5f59fc\" data-element_type=\"column\">\n\t\t\t<div class=\"elementor-column-wrap elementor-element-populated\">\n\t\t\t\t\t\t\t<div class=\"elementor-widget-wrap\">\n\t\t\t\t\t\t<div class=\"elementor-element elementor-element-259106c elementor-widget elementor-widget-wpforms\" data-id=\"259106c\" data-element_type=\"widget\" data-widget_type=\"wpforms.default\">\n\t\t\t\t<div class=\"elementor-widget-container\">\n\t\t\t<div class=\"wpforms-container \" id=\"wpforms-25235\"><form id=\"wpforms-form-25235\" class=\"wpforms-validate wpforms-form\" data-formid=\"25235\" method=\"post\" enctype=\"multipart\/form-data\" action=\"\/index.php\/wp-json\/wp\/v2\/pages\/25227\" data-token=\"76e493ba8be4e09d9f26a0b39cb196fc\"><noscript class=\"wpforms-error-noscript\">Por favor, activa JavaScript en tu navegador para completar este formulario.<\/noscript><div class=\"wpforms-field-container\"><div id=\"wpforms-25235-field_1-container\" class=\"wpforms-field wpforms-field-name\" data-field-id=\"1\"><label class=\"wpforms-field-label\" for=\"wpforms-25235-field_1\">Nombre <span class=\"wpforms-required-label\">*<\/span><\/label><div class=\"wpforms-field-row wpforms-field-medium\"><div class=\"wpforms-field-row-block wpforms-first wpforms-one-half\"><input type=\"text\" id=\"wpforms-25235-field_1\" class=\"wpforms-field-name-first wpforms-field-required\" name=\"wpforms[fields][1][first]\" required><label for=\"wpforms-25235-field_1\" class=\"wpforms-field-sublabel after \">Nombre<\/label><\/div><div class=\"wpforms-field-row-block wpforms-one-half\"><input type=\"text\" id=\"wpforms-25235-field_1-last\" class=\"wpforms-field-name-last wpforms-field-required\" name=\"wpforms[fields][1][last]\" required><label for=\"wpforms-25235-field_1-last\" class=\"wpforms-field-sublabel after \">Apellidos<\/label><\/div><\/div><\/div><div id=\"wpforms-25235-field_3-container\" class=\"wpforms-field wpforms-field-number wpforms-one-half wpforms-first\" data-field-id=\"3\"><label class=\"wpforms-field-label\" for=\"wpforms-25235-field_3\">Edad <span class=\"wpforms-required-label\">*<\/span><\/label><input type=\"number\" pattern=\"\\d*\" id=\"wpforms-25235-field_3\" class=\"wpforms-field-small wpforms-field-required\" name=\"wpforms[fields][3]\" required><\/div><div id=\"wpforms-25235-field_8-container\" class=\"wpforms-field wpforms-field-number wpforms-one-half\" data-field-id=\"8\"><label class=\"wpforms-field-label\" for=\"wpforms-25235-field_8\">Fecha de nacimiento (DD\/MM\/AAAA) <span class=\"wpforms-required-label\">*<\/span><\/label><input type=\"number\" pattern=\"\\d*\" id=\"wpforms-25235-field_8\" class=\"wpforms-field-small wpforms-field-required\" name=\"wpforms[fields][8]\" required><\/div><div id=\"wpforms-25235-field_9-container\" class=\"wpforms-field wpforms-field-text\" data-field-id=\"9\"><label class=\"wpforms-field-label\" for=\"wpforms-25235-field_9\">CURP (no obligatorio)<\/label><input type=\"text\" id=\"wpforms-25235-field_9\" class=\"wpforms-field-medium\" name=\"wpforms[fields][9]\" ><\/div><div id=\"wpforms-25235-field_10-container\" class=\"wpforms-field wpforms-field-radio\" data-field-id=\"10\"><label class=\"wpforms-field-label\" for=\"wpforms-25235-field_10\">Genero <span class=\"wpforms-required-label\">*<\/span><\/label><ul id=\"wpforms-25235-field_10\" class=\"wpforms-field-required\"><li class=\"choice-1 depth-1\"><input type=\"radio\" id=\"wpforms-25235-field_10_1\" name=\"wpforms[fields][10]\" value=\"Masculino\" required ><label class=\"wpforms-field-label-inline\" for=\"wpforms-25235-field_10_1\">Masculino<\/label><\/li><li class=\"choice-2 depth-1\"><input type=\"radio\" id=\"wpforms-25235-field_10_2\" name=\"wpforms[fields][10]\" value=\"Femenino\" required ><label class=\"wpforms-field-label-inline\" for=\"wpforms-25235-field_10_2\">Femenino<\/label><\/li><\/ul><\/div><div id=\"wpforms-25235-field_11-container\" class=\"wpforms-field wpforms-field-text\" data-field-id=\"11\"><label class=\"wpforms-field-label\" for=\"wpforms-25235-field_11\">Nacionalidad <span class=\"wpforms-required-label\">*<\/span><\/label><input type=\"text\" id=\"wpforms-25235-field_11\" class=\"wpforms-field-medium wpforms-field-required\" name=\"wpforms[fields][11]\" required><\/div><div id=\"wpforms-25235-field_13-container\" class=\"wpforms-field wpforms-field-radio wpforms-one-third wpforms-first\" data-field-id=\"13\"><label class=\"wpforms-field-label\" for=\"wpforms-25235-field_13\">Estado Civil <span class=\"wpforms-required-label\">*<\/span><\/label><ul id=\"wpforms-25235-field_13\" class=\"wpforms-field-required\"><li class=\"choice-1 depth-1\"><input type=\"radio\" id=\"wpforms-25235-field_13_1\" name=\"wpforms[fields][13]\" value=\"Soltero\" required ><label class=\"wpforms-field-label-inline\" for=\"wpforms-25235-field_13_1\">Soltero<\/label><\/li><li class=\"choice-2 depth-1\"><input type=\"radio\" id=\"wpforms-25235-field_13_2\" name=\"wpforms[fields][13]\" value=\"Casado\" required ><label class=\"wpforms-field-label-inline\" for=\"wpforms-25235-field_13_2\">Casado<\/label><\/li><li class=\"choice-3 depth-1\"><input type=\"radio\" id=\"wpforms-25235-field_13_3\" name=\"wpforms[fields][13]\" value=\"Divorciado\" required ><label class=\"wpforms-field-label-inline\" for=\"wpforms-25235-field_13_3\">Divorciado<\/label><\/li><li class=\"choice-4 depth-1\"><input type=\"radio\" id=\"wpforms-25235-field_13_4\" name=\"wpforms[fields][13]\" value=\"Viudo\" required ><label class=\"wpforms-field-label-inline\" for=\"wpforms-25235-field_13_4\">Viudo<\/label><\/li><\/ul><\/div><div id=\"wpforms-25235-field_14-container\" class=\"wpforms-field wpforms-field-select wpforms-field-select-style-classic\" data-field-id=\"14\"><label class=\"wpforms-field-label\" for=\"wpforms-25235-field_14\">Grado de Estudio<\/label><select id=\"wpforms-25235-field_14\" class=\"wpforms-field-medium\" name=\"wpforms[fields][14]\"><option value=\"Primaria\" >Primaria<\/option><option value=\"Secundaria\" >Secundaria<\/option><option value=\"Preparatoria\" >Preparatoria<\/option><option value=\"Licenciatura\" >Licenciatura<\/option><option value=\"Maestr\u00eda\" >Maestr\u00eda<\/option><option value=\"Doctorado\" >Doctorado<\/option><\/select><\/div><div id=\"wpforms-25235-field_36-container\" class=\"wpforms-field wpforms-field-select wpforms-field-select-style-classic\" data-field-id=\"36\"><label class=\"wpforms-field-label\" for=\"wpforms-25235-field_36\">Grado de Estudio (copia)<\/label><select id=\"wpforms-25235-field_36\" class=\"wpforms-field-medium\" name=\"wpforms[fields][36]\"><option value=\"Agente ventas\" >Agente ventas<\/option><option value=\"Contador\" >Contador<\/option><option value=\"Licenciado\" >Licenciado<\/option><option value=\"M\u00e9dico\" >M\u00e9dico<\/option><option value=\"Profesor\" >Profesor<\/option><option value=\"Obrero\" >Obrero<\/option><option value=\"Comerciante\" >Comerciante<\/option><option value=\"Militar\" >Militar<\/option><option value=\"Agricultor\" >Agricultor<\/option><option value=\"Otra\" >Otra<\/option><\/select><\/div><div id=\"wpforms-25235-field_15-container\" class=\"wpforms-field wpforms-field-text\" data-field-id=\"15\"><label class=\"wpforms-field-label\" for=\"wpforms-25235-field_15\">Direccion <span class=\"wpforms-required-label\">*<\/span><\/label><input type=\"text\" id=\"wpforms-25235-field_15\" class=\"wpforms-field-medium wpforms-field-required\" name=\"wpforms[fields][15]\" required><\/div><div id=\"wpforms-25235-field_16-container\" class=\"wpforms-field wpforms-field-text\" data-field-id=\"16\"><label class=\"wpforms-field-label\" for=\"wpforms-25235-field_16\">Codigo Postal <span class=\"wpforms-required-label\">*<\/span><\/label><input type=\"text\" id=\"wpforms-25235-field_16\" class=\"wpforms-field-small wpforms-field-required\" name=\"wpforms[fields][16]\" required><\/div><div id=\"wpforms-25235-field_17-container\" class=\"wpforms-field wpforms-field-text\" data-field-id=\"17\"><label class=\"wpforms-field-label\" for=\"wpforms-25235-field_17\">Colonia <span class=\"wpforms-required-label\">*<\/span><\/label><input type=\"text\" id=\"wpforms-25235-field_17\" class=\"wpforms-field-medium wpforms-field-required\" name=\"wpforms[fields][17]\" required><\/div><div id=\"wpforms-25235-field_18-container\" class=\"wpforms-field wpforms-field-text\" data-field-id=\"18\"><label class=\"wpforms-field-label\" for=\"wpforms-25235-field_18\">Ciudad <span class=\"wpforms-required-label\">*<\/span><\/label><input type=\"text\" id=\"wpforms-25235-field_18\" class=\"wpforms-field-medium wpforms-field-required\" name=\"wpforms[fields][18]\" required><\/div><div id=\"wpforms-25235-field_19-container\" class=\"wpforms-field wpforms-field-text\" data-field-id=\"19\"><label class=\"wpforms-field-label\" for=\"wpforms-25235-field_19\">Estado <span class=\"wpforms-required-label\">*<\/span><\/label><input type=\"text\" id=\"wpforms-25235-field_19\" class=\"wpforms-field-medium wpforms-field-required\" name=\"wpforms[fields][19]\" required><\/div><div id=\"wpforms-25235-field_20-container\" class=\"wpforms-field wpforms-field-text\" data-field-id=\"20\"><label class=\"wpforms-field-label\" for=\"wpforms-25235-field_20\">Municipio <span class=\"wpforms-required-label\">*<\/span><\/label><input type=\"text\" id=\"wpforms-25235-field_20\" class=\"wpforms-field-medium wpforms-field-required\" name=\"wpforms[fields][20]\" required><\/div><div id=\"wpforms-25235-field_21-container\" class=\"wpforms-field wpforms-field-text\" data-field-id=\"21\"><label class=\"wpforms-field-label\" for=\"wpforms-25235-field_21\">Telefono <span class=\"wpforms-required-label\">*<\/span><\/label><input type=\"text\" id=\"wpforms-25235-field_21\" class=\"wpforms-field-medium wpforms-field-required\" name=\"wpforms[fields][21]\" required><\/div><div id=\"wpforms-25235-field_22-container\" class=\"wpforms-field wpforms-field-email\" data-field-id=\"22\"><label class=\"wpforms-field-label\" for=\"wpforms-25235-field_22\">Correo electr\u00f3nico <span class=\"wpforms-required-label\">*<\/span><\/label><input type=\"email\" id=\"wpforms-25235-field_22\" class=\"wpforms-field-medium wpforms-field-required\" name=\"wpforms[fields][22]\" required><\/div><div id=\"wpforms-25235-field_23-container\" class=\"wpforms-field wpforms-field-checkbox\" data-field-id=\"23\"><label class=\"wpforms-field-label\" for=\"wpforms-25235-field_23\">Con fundamento en los art\u00edculos 320, 321 y 322 de la Ley General de Salud, otorgo mi consentimiento para que una vez comprobada la perdida de mi vida, se utilicen para trasplante:<\/label><ul id=\"wpforms-25235-field_23\"><li class=\"choice-1 depth-1\"><input type=\"checkbox\" id=\"wpforms-25235-field_23_1\" name=\"wpforms[fields][23][]\" value=\"Todos los \u00f3rganos y\/\u00f3 tejidos \u00fatiles para trasplante\"  ><label class=\"wpforms-field-label-inline\" for=\"wpforms-25235-field_23_1\">Todos los \u00f3rganos y\/\u00f3 tejidos \u00fatiles para trasplante<\/label><\/li><li class=\"choice-2 depth-1\"><input type=\"checkbox\" id=\"wpforms-25235-field_23_2\" name=\"wpforms[fields][23][]\" value=\"Coraz\u00f3n\"  ><label class=\"wpforms-field-label-inline\" for=\"wpforms-25235-field_23_2\">Coraz\u00f3n<\/label><\/li><li class=\"choice-3 depth-1\"><input type=\"checkbox\" id=\"wpforms-25235-field_23_3\" name=\"wpforms[fields][23][]\" value=\"Tendones\"  ><label class=\"wpforms-field-label-inline\" for=\"wpforms-25235-field_23_3\">Tendones<\/label><\/li><li class=\"choice-11 depth-1\"><input type=\"checkbox\" id=\"wpforms-25235-field_23_11\" name=\"wpforms[fields][23][]\" value=\"Piel\"  ><label class=\"wpforms-field-label-inline\" for=\"wpforms-25235-field_23_11\">Piel<\/label><\/li><li class=\"choice-10 depth-1\"><input type=\"checkbox\" id=\"wpforms-25235-field_23_10\" name=\"wpforms[fields][23][]\" value=\"Pulmones\"  ><label class=\"wpforms-field-label-inline\" for=\"wpforms-25235-field_23_10\">Pulmones<\/label><\/li><li class=\"choice-9 depth-1\"><input type=\"checkbox\" id=\"wpforms-25235-field_23_9\" name=\"wpforms[fields][23][]\" value=\"Cartigolos\"  ><label class=\"wpforms-field-label-inline\" for=\"wpforms-25235-field_23_9\">Cartigolos<\/label><\/li><li class=\"choice-8 depth-1\"><input type=\"checkbox\" id=\"wpforms-25235-field_23_8\" name=\"wpforms[fields][23][]\" value=\"C\u00f3rneas\"  ><label class=\"wpforms-field-label-inline\" for=\"wpforms-25235-field_23_8\">C\u00f3rneas<\/label><\/li><li class=\"choice-7 depth-1\"><input type=\"checkbox\" id=\"wpforms-25235-field_23_7\" name=\"wpforms[fields][23][]\" value=\"P\u00e1ncreas y Bazo\"  ><label class=\"wpforms-field-label-inline\" for=\"wpforms-25235-field_23_7\">P\u00e1ncreas y Bazo<\/label><\/li><li class=\"choice-6 depth-1\"><input type=\"checkbox\" id=\"wpforms-25235-field_23_6\" name=\"wpforms[fields][23][]\" value=\"Higado\"  ><label class=\"wpforms-field-label-inline\" for=\"wpforms-25235-field_23_6\">Higado<\/label><\/li><li class=\"choice-5 depth-1\"><input type=\"checkbox\" id=\"wpforms-25235-field_23_5\" name=\"wpforms[fields][23][]\" value=\"Vasos Sangu\u00edneos\"  ><label class=\"wpforms-field-label-inline\" for=\"wpforms-25235-field_23_5\">Vasos Sangu\u00edneos<\/label><\/li><li class=\"choice-4 depth-1\"><input type=\"checkbox\" id=\"wpforms-25235-field_23_4\" name=\"wpforms[fields][23][]\" value=\"Hueso\"  ><label class=\"wpforms-field-label-inline\" for=\"wpforms-25235-field_23_4\">Hueso<\/label><\/li><li class=\"choice-12 depth-1\"><input type=\"checkbox\" id=\"wpforms-25235-field_23_12\" name=\"wpforms[fields][23][]\" value=\"Ri\u00f1ones\"  ><label class=\"wpforms-field-label-inline\" for=\"wpforms-25235-field_23_12\">Ri\u00f1ones<\/label><\/li><\/ul><\/div><div id=\"wpforms-25235-field_26-container\" class=\"wpforms-field wpforms-field-text\" data-field-id=\"26\"><label class=\"wpforms-field-label\" for=\"wpforms-25235-field_26\">Referencias Personales. Anote el nombre y domicilio el c\u00f3nyuge, concubina o concubinario, si tuviere. Si es soltero, nombre y domicilio de los padres y a falta de \u00e9stos, de alguno de sus familiares m\u00e1s cercanos.<\/label><input type=\"text\" id=\"wpforms-25235-field_26\" class=\"wpforms-field-medium\" name=\"wpforms[fields][26]\" ><div class=\"wpforms-field-description\">Nombre completo<\/div><\/div><div id=\"wpforms-25235-field_27-container\" class=\"wpforms-field wpforms-field-text\" data-field-id=\"27\"><label class=\"wpforms-field-label\" for=\"wpforms-25235-field_27\">Parentesco<\/label><input type=\"text\" id=\"wpforms-25235-field_27\" class=\"wpforms-field-medium\" name=\"wpforms[fields][27]\" ><\/div><div id=\"wpforms-25235-field_28-container\" class=\"wpforms-field wpforms-field-text\" data-field-id=\"28\"><label class=\"wpforms-field-label\" for=\"wpforms-25235-field_28\">Direcci\u00f3n<\/label><input type=\"text\" id=\"wpforms-25235-field_28\" class=\"wpforms-field-medium\" name=\"wpforms[fields][28]\" ><\/div><div id=\"wpforms-25235-field_29-container\" class=\"wpforms-field wpforms-field-text\" data-field-id=\"29\"><label class=\"wpforms-field-label\" for=\"wpforms-25235-field_29\">C\u00f3digo Postal<\/label><input type=\"text\" id=\"wpforms-25235-field_29\" class=\"wpforms-field-medium\" name=\"wpforms[fields][29]\" ><\/div><div id=\"wpforms-25235-field_30-container\" class=\"wpforms-field wpforms-field-text\" data-field-id=\"30\"><label class=\"wpforms-field-label\" for=\"wpforms-25235-field_30\">Colonia<\/label><input type=\"text\" id=\"wpforms-25235-field_30\" class=\"wpforms-field-medium\" name=\"wpforms[fields][30]\" ><\/div><div id=\"wpforms-25235-field_31-container\" class=\"wpforms-field wpforms-field-text\" data-field-id=\"31\"><label class=\"wpforms-field-label\" for=\"wpforms-25235-field_31\">Ciudad<\/label><input type=\"text\" id=\"wpforms-25235-field_31\" class=\"wpforms-field-medium\" name=\"wpforms[fields][31]\" ><\/div><div id=\"wpforms-25235-field_32-container\" class=\"wpforms-field wpforms-field-text\" data-field-id=\"32\"><label class=\"wpforms-field-label\" for=\"wpforms-25235-field_32\">Estado<\/label><input type=\"text\" id=\"wpforms-25235-field_32\" class=\"wpforms-field-medium\" name=\"wpforms[fields][32]\" ><\/div><div id=\"wpforms-25235-field_33-container\" class=\"wpforms-field wpforms-field-text\" data-field-id=\"33\"><label class=\"wpforms-field-label\" for=\"wpforms-25235-field_33\">Municipio<\/label><input type=\"text\" id=\"wpforms-25235-field_33\" class=\"wpforms-field-medium\" name=\"wpforms[fields][33]\" ><\/div><div id=\"wpforms-25235-field_34-container\" class=\"wpforms-field wpforms-field-text\" data-field-id=\"34\"><label class=\"wpforms-field-label\" for=\"wpforms-25235-field_34\">Tel\u00e9fono<\/label><input type=\"text\" id=\"wpforms-25235-field_34\" class=\"wpforms-field-medium\" name=\"wpforms[fields][34]\" ><\/div><div id=\"wpforms-25235-field_35-container\" class=\"wpforms-field wpforms-field-text\" data-field-id=\"35\"><label class=\"wpforms-field-label\" for=\"wpforms-25235-field_35\">Correo<\/label><input type=\"text\" id=\"wpforms-25235-field_35\" class=\"wpforms-field-medium\" name=\"wpforms[fields][35]\" ><\/div><\/div><div class=\"wpforms-submit-container\" ><input type=\"hidden\" name=\"wpforms[id]\" value=\"25235\"><input type=\"hidden\" name=\"wpforms[author]\" value=\"3\"><button type=\"submit\" name=\"wpforms[submit]\" class=\"wpforms-submit \" id=\"wpforms-submit-25235\" value=\"wpforms-submit\" aria-live=\"assertive\" data-alt-text=\"Enviando...\" data-submit-text=\"Enviar\">Enviar<\/button><\/div><\/form><\/div>  <!-- .wpforms-container -->\t\t<\/div>\n\t\t\t\t<\/div>\n\t\t\t\t\t\t<\/div>\n\t\t\t\t\t<\/div>\n\t\t<\/div>\n\t\t\t\t\t\t\t\t<\/div>\n\t\t\t\t\t<\/div>\n\t\t<\/section>\n\t\t\t\t\t\t<\/div>\n\t\t\t\t\t\t<\/div>\n\t\t\t\t\t<\/div>\n\t\t","protected":false},"excerpt":{"rendered":"<p>Registro Donador<\/p>\n","protected":false},"author":3,"featured_media":0,"parent":0,"menu_order":0,"comment_status":"closed","ping_status":"closed","template":"","meta":{"footnotes":""},"class_list":["post-25227","page","type-page","status-publish","hentry"],"_links":{"self":[{"href":"https:\/\/fundacionlober.org\/index.php\/wp-json\/wp\/v2\/pages\/25227","targetHints":{"allow":["GET"]}}],"collection":[{"href":"https:\/\/fundacionlober.org\/index.php\/wp-json\/wp\/v2\/pages"}],"about":[{"href":"https:\/\/fundacionlober.org\/index.php\/wp-json\/wp\/v2\/types\/page"}],"author":[{"embeddable":true,"href":"https:\/\/fundacionlober.org\/index.php\/wp-json\/wp\/v2\/users\/3"}],"replies":[{"embeddable":true,"href":"https:\/\/fundacionlober.org\/index.php\/wp-json\/wp\/v2\/comments?post=25227"}],"version-history":[{"count":16,"href":"https:\/\/fundacionlober.org\/index.php\/wp-json\/wp\/v2\/pages\/25227\/revisions"}],"predecessor-version":[{"id":25655,"href":"https:\/\/fundacionlober.org\/index.php\/wp-json\/wp\/v2\/pages\/25227\/revisions\/25655"}],"wp:attachment":[{"href":"https:\/\/fundacionlober.org\/index.php\/wp-json\/wp\/v2\/media?parent=25227"}],"curies":[{"name":"wp","href":"https:\/\/api.w.org\/{rel}","templated":true}]}}