{"id":25458,"date":"2021-05-24T23:00:23","date_gmt":"2021-05-24T23:00:23","guid":{"rendered":"http:\/\/fundacionlober.org\/?page_id=25458"},"modified":"2023-05-05T21:00:01","modified_gmt":"2023-05-05T21:00:01","slug":"quiero-donar-sangre","status":"publish","type":"page","link":"https:\/\/fundacionlober.org\/index.php\/quiero-donar-sangre\/","title":{"rendered":"\u00bfQuiero Donar Sangre?"},"content":{"rendered":"\t\t<div data-elementor-type=\"wp-post\" data-elementor-id=\"25458\" class=\"elementor elementor-25458\" data-elementor-settings=\"[]\">\n\t\t\t\t\t\t<div class=\"elementor-inner\">\n\t\t\t\t\t\t\t<div class=\"elementor-section-wrap\">\n\t\t\t\t\t\t\t<section class=\"elementor-section elementor-top-section elementor-element elementor-element-65ddfad3 elementor-section-boxed elementor-section-height-default elementor-section-height-default\" data-id=\"65ddfad3\" data-element_type=\"section\" data-settings=\"{&quot;background_background&quot;:&quot;gradient&quot;}\">\n\t\t\t\t\t\t<div class=\"elementor-container elementor-column-gap-default\">\n\t\t\t\t\t\t\t<div class=\"elementor-row\">\n\t\t\t\t\t<div class=\"elementor-column elementor-col-100 elementor-top-column elementor-element elementor-element-c947ffe\" data-id=\"c947ffe\" data-element_type=\"column\">\n\t\t\t<div class=\"elementor-column-wrap elementor-element-populated\">\n\t\t\t\t\t\t\t<div class=\"elementor-widget-wrap\">\n\t\t\t\t\t\t<div class=\"elementor-element elementor-element-35eed52 elementor-position-top elementor-vertical-align-top elementor-widget elementor-widget-image-box\" data-id=\"35eed52\" data-element_type=\"widget\" data-widget_type=\"image-box.default\">\n\t\t\t\t<div class=\"elementor-widget-container\">\n\t\t\t<div class=\"elementor-image-box-wrapper\"><div class=\"elementor-image-box-content\"><h1 class=\"elementor-image-box-title\">Donaci\u00f3nes y Transplante<\/h1><\/div><\/div>\t\t<\/div>\n\t\t\t\t<\/div>\n\t\t\t\t\t\t<\/div>\n\t\t\t\t\t<\/div>\n\t\t<\/div>\n\t\t\t\t\t\t\t\t<\/div>\n\t\t\t\t\t<\/div>\n\t\t<\/section>\n\t\t\t\t<section class=\"elementor-section elementor-top-section elementor-element elementor-element-4016f67 elementor-section-full_width elementor-section-height-default elementor-section-height-default\" data-id=\"4016f67\" data-element_type=\"section\" data-settings=\"{&quot;background_background&quot;:&quot;slideshow&quot;,&quot;background_slideshow_gallery&quot;:[],&quot;background_slideshow_loop&quot;:&quot;yes&quot;,&quot;background_slideshow_slide_duration&quot;:5000,&quot;background_slideshow_slide_transition&quot;:&quot;fade&quot;,&quot;background_slideshow_transition_duration&quot;:500}\">\n\t\t\t\t\t\t<div class=\"elementor-container elementor-column-gap-default\">\n\t\t\t\t\t\t\t<div class=\"elementor-row\">\n\t\t\t\t\t<div class=\"elementor-column elementor-col-50 elementor-top-column elementor-element elementor-element-429dd9d\" data-id=\"429dd9d\" data-element_type=\"column\">\n\t\t\t<div class=\"elementor-column-wrap elementor-element-populated\">\n\t\t\t\t\t\t\t<div class=\"elementor-widget-wrap\">\n\t\t\t\t\t\t<div class=\"elementor-element elementor-element-819816d elementor-widget elementor-widget-text-editor\" data-id=\"819816d\" data-element_type=\"widget\" data-widget_type=\"text-editor.default\">\n\t\t\t\t<div class=\"elementor-widget-container\">\n\t\t\t\t\t<div class=\"elementor-text-editor elementor-clearfix\"><p>Fundaci\u00f3n LOBER A.C.te invita a ser parte de la red de donadores LOBER como donador de sangre voluntario.<\/p><\/div>\n\t\t\t\t<\/div>\n\t\t\t\t<\/div>\n\t\t\t\t<div class=\"elementor-element elementor-element-0e336ab elementor-widget elementor-widget-html\" data-id=\"0e336ab\" data-element_type=\"widget\" data-widget_type=\"html.default\">\n\t\t\t\t<div class=\"elementor-widget-container\">\n\t\t\t<iframe loading=\"lazy\" src=\"https:\/\/giphy.com\/embed\/l4KifuM5FMAYEXc6Q\" width=\"480\" height=\"427\" frameBorder=\"0\" class=\"giphy-embed\" allowFullScreen><\/iframe><p><a href=\"https:\/\/giphy.com\/gifs\/uofcalifornia-transplant-kidney-organ-l4KifuM5FMAYEXc6Q\">via GIPHY<\/a><\/p>\t\t<\/div>\n\t\t\t\t<\/div>\n\t\t\t\t\t\t<\/div>\n\t\t\t\t\t<\/div>\n\t\t<\/div>\n\t\t\t\t<div class=\"elementor-column elementor-col-50 elementor-top-column elementor-element elementor-element-ef691d8\" data-id=\"ef691d8\" data-element_type=\"column\" data-settings=\"{&quot;background_background&quot;:&quot;classic&quot;}\">\n\t\t\t<div class=\"elementor-column-wrap elementor-element-populated\">\n\t\t\t\t\t\t\t<div class=\"elementor-widget-wrap\">\n\t\t\t\t\t\t<div class=\"elementor-element elementor-element-1230175 elementor-widget elementor-widget-heading\" data-id=\"1230175\" data-element_type=\"widget\" data-widget_type=\"heading.default\">\n\t\t\t\t<div class=\"elementor-widget-container\">\n\t\t\t<h2 class=\"elementor-heading-title elementor-size-default\">REG\u00cdSTRATE COMO DONADOR DE SANGRE:<\/h2>\t\t<\/div>\n\t\t\t\t<\/div>\n\t\t\t\t<div class=\"elementor-element elementor-element-6a87d52 elementor-button-align-center elementor-widget elementor-widget-form\" data-id=\"6a87d52\" data-element_type=\"widget\" data-settings=\"{&quot;step_next_label&quot;:&quot;Next&quot;,&quot;step_previous_label&quot;:&quot;Previous&quot;,&quot;step_type&quot;:&quot;number_text&quot;,&quot;step_icon_shape&quot;:&quot;circle&quot;}\" data-widget_type=\"form.default\">\n\t\t\t\t<div class=\"elementor-widget-container\">\n\t\t\t\t\t<form class=\"elementor-form\" method=\"post\" name=\"New Form\">\n\t\t\t<input type=\"hidden\" name=\"post_id\" value=\"25458\"\/>\n\t\t\t<input type=\"hidden\" name=\"form_id\" value=\"6a87d52\"\/>\n\n\t\t\t\n\t\t\t<div class=\"elementor-form-fields-wrapper elementor-labels-above\">\n\t\t\t\t\t\t\t\t<div class=\"elementor-field-type-text elementor-field-group elementor-column elementor-field-group-name elementor-col-100 elementor-field-required\">\n\t\t\t\t\t<label for=\"form-field-name\" class=\"elementor-field-label\">Nombre(s):<\/label><input size=\"1\" type=\"text\" name=\"form_fields[name]\" id=\"form-field-name\" class=\"elementor-field elementor-size-sm  elementor-field-textual\" placeholder=\"Escribe tu nombre aqu\u00ed\" required=\"required\" aria-required=\"true\">\t\t\t\t<\/div>\n\t\t\t\t\t\t\t\t<div class=\"elementor-field-type-text elementor-field-group elementor-column elementor-field-group-field_8975cd5 elementor-col-100 elementor-field-required\">\n\t\t\t\t\t<label for=\"form-field-field_8975cd5\" class=\"elementor-field-label\">Apellido Paterno<\/label><input size=\"1\" type=\"text\" name=\"form_fields[field_8975cd5]\" id=\"form-field-field_8975cd5\" class=\"elementor-field elementor-size-sm  elementor-field-textual\" placeholder=\"Escribe tu apellido paterno aqu\u00ed\" required=\"required\" aria-required=\"true\">\t\t\t\t<\/div>\n\t\t\t\t\t\t\t\t<div class=\"elementor-field-type-text elementor-field-group elementor-column elementor-field-group-field_967caca elementor-col-100 elementor-field-required\">\n\t\t\t\t\t<label for=\"form-field-field_967caca\" class=\"elementor-field-label\">Apellido Materno<\/label><input size=\"1\" type=\"text\" name=\"form_fields[field_967caca]\" id=\"form-field-field_967caca\" class=\"elementor-field elementor-size-sm  elementor-field-textual\" placeholder=\"Escribe tu apellido materno aqu\u00ed\" required=\"required\" aria-required=\"true\">\t\t\t\t<\/div>\n\t\t\t\t\t\t\t\t<div class=\"elementor-field-type-email elementor-field-group elementor-column elementor-field-group-email elementor-col-100 elementor-field-required\">\n\t\t\t\t\t<label for=\"form-field-email\" class=\"elementor-field-label\">Email<\/label><input size=\"1\" type=\"email\" name=\"form_fields[email]\" id=\"form-field-email\" class=\"elementor-field elementor-size-sm  elementor-field-textual\" placeholder=\"Email\" required=\"required\" aria-required=\"true\">\t\t\t\t<\/div>\n\t\t\t\t\t\t\t\t<div class=\"elementor-field-type-number elementor-field-group elementor-column elementor-field-group-field_a2c88a4 elementor-col-100\">\n\t\t\t\t\t<label for=\"form-field-field_a2c88a4\" class=\"elementor-field-label\">Tel\u00e9fono<\/label><input type=\"number\" name=\"form_fields[field_a2c88a4]\" id=\"form-field-field_a2c88a4\" class=\"elementor-field elementor-size-sm  elementor-field-textual\" placeholder=\"Tel\u00e9fono\" min=\"\" max=\"\">\t\t\t\t<\/div>\n\t\t\t\t\t\t\t\t<div class=\"elementor-field-type-select elementor-field-group elementor-column elementor-field-group-field_3958d6c elementor-col-100\">\n\t\t\t\t\t<label for=\"form-field-field_3958d6c\" class=\"elementor-field-label\">Tipo de Sangre<\/label>\t\t<div class=\"elementor-field elementor-select-wrapper \">\n\t\t\t<select name=\"form_fields[field_3958d6c]\" id=\"form-field-field_3958d6c\" class=\"elementor-field-textual elementor-size-sm\">\n\t\t\t\t<option value=\"A+\">A+<\/option><option value=\"O+\">O+<\/option><option value=\"B+\">B+<\/option><option value=\"AB+\">AB+<\/option><option value=\"A-\">A-<\/option><option value=\"O-\">O-<\/option><option value=\"B-\">B-<\/option><option value=\"AB-\">AB-<\/option>\t\t\t<\/select>\n\t\t<\/div>\n\t\t\t\t\t\t<\/div>\n\t\t\t\t\t\t\t\t<div class=\"elementor-field-group elementor-column elementor-field-type-submit elementor-col-100 e-form__buttons\">\n\t\t\t\t\t<button type=\"submit\" class=\"elementor-button elementor-size-sm\" id=\"enviarForm\">\n\t\t\t\t\t\t<span >\n\t\t\t\t\t\t\t\t\t\t\t\t\t\t\t<span class=\" elementor-button-icon\">\n\t\t\t\t\t\t\t\t\t\t\t\t\t\t\t\t\t\t\t\t\t\t\t\t\t\t<\/span>\n\t\t\t\t\t\t\t\t\t\t\t\t\t\t\t\t\t\t\t\t\t\t<span class=\"elementor-button-text\">Enviar<\/span>\n\t\t\t\t\t\t\t\t\t\t\t\t\t<\/span>\n\t\t\t\t\t<\/button>\n\t\t\t\t<\/div>\n\t\t\t<\/div>\n\t\t<\/form>\n\t\t\t\t<\/div>\n\t\t\t\t<\/div>\n\t\t\t\t\t\t<\/div>\n\t\t\t\t\t<\/div>\n\t\t<\/div>\n\t\t\t\t\t\t\t\t<\/div>\n\t\t\t\t\t<\/div>\n\t\t<\/section>\n\t\t\t\t\t\t<\/div>\n\t\t\t\t\t\t<\/div>\n\t\t\t\t\t<\/div>\n\t\t","protected":false},"excerpt":{"rendered":"<p>Donaci\u00f3nes y Transplante Fundaci\u00f3n LOBER A.C.te invita a ser parte de la red de donadores LOBER como donador de sangre voluntario. via GIPHY REG\u00cdSTRATE COMO DONADOR DE SANGRE:<\/p>\n","protected":false},"author":3,"featured_media":0,"parent":0,"menu_order":0,"comment_status":"closed","ping_status":"closed","template":"","meta":{"footnotes":""},"class_list":["post-25458","page","type-page","status-publish","hentry"],"_links":{"self":[{"href":"https:\/\/fundacionlober.org\/index.php\/wp-json\/wp\/v2\/pages\/25458","targetHints":{"allow":["GET"]}}],"collection":[{"href":"https:\/\/fundacionlober.org\/index.php\/wp-json\/wp\/v2\/pages"}],"about":[{"href":"https:\/\/fundacionlober.org\/index.php\/wp-json\/wp\/v2\/types\/page"}],"author":[{"embeddable":true,"href":"https:\/\/fundacionlober.org\/index.php\/wp-json\/wp\/v2\/users\/3"}],"replies":[{"embeddable":true,"href":"https:\/\/fundacionlober.org\/index.php\/wp-json\/wp\/v2\/comments?post=25458"}],"version-history":[{"count":49,"href":"https:\/\/fundacionlober.org\/index.php\/wp-json\/wp\/v2\/pages\/25458\/revisions"}],"predecessor-version":[{"id":25930,"href":"https:\/\/fundacionlober.org\/index.php\/wp-json\/wp\/v2\/pages\/25458\/revisions\/25930"}],"wp:attachment":[{"href":"https:\/\/fundacionlober.org\/index.php\/wp-json\/wp\/v2\/media?parent=25458"}],"curies":[{"name":"wp","href":"https:\/\/api.w.org\/{rel}","templated":true}]}}