{"id":25466,"date":"2021-05-24T23:10:34","date_gmt":"2021-05-24T23:10:34","guid":{"rendered":"http:\/\/fundacionlober.org\/?page_id=25466"},"modified":"2021-06-03T20:46:26","modified_gmt":"2021-06-03T20:46:26","slug":"quiero-donar-organos","status":"publish","type":"page","link":"https:\/\/fundacionlober.org\/index.php\/quiero-donar-organos\/","title":{"rendered":"\u00bfQuiero Donar Organos?"},"content":{"rendered":"\t\t<div data-elementor-type=\"wp-post\" data-elementor-id=\"25466\" class=\"elementor elementor-25466\" data-elementor-settings=\"[]\">\n\t\t\t\t\t\t<div class=\"elementor-inner\">\n\t\t\t\t\t\t\t<div class=\"elementor-section-wrap\">\n\t\t\t\t\t\t\t<section class=\"elementor-section elementor-top-section elementor-element elementor-element-65ddfad3 elementor-section-boxed elementor-section-height-default elementor-section-height-default\" data-id=\"65ddfad3\" data-element_type=\"section\" data-settings=\"{&quot;background_background&quot;:&quot;gradient&quot;}\">\n\t\t\t\t\t\t<div class=\"elementor-container elementor-column-gap-default\">\n\t\t\t\t\t\t\t<div class=\"elementor-row\">\n\t\t\t\t\t<div class=\"elementor-column elementor-col-100 elementor-top-column elementor-element elementor-element-c947ffe\" data-id=\"c947ffe\" data-element_type=\"column\">\n\t\t\t<div class=\"elementor-column-wrap elementor-element-populated\">\n\t\t\t\t\t\t\t<div class=\"elementor-widget-wrap\">\n\t\t\t\t\t\t<div class=\"elementor-element elementor-element-35eed52 elementor-position-top elementor-vertical-align-top elementor-widget elementor-widget-image-box\" data-id=\"35eed52\" data-element_type=\"widget\" data-widget_type=\"image-box.default\">\n\t\t\t\t<div class=\"elementor-widget-container\">\n\t\t\t<div class=\"elementor-image-box-wrapper\"><div class=\"elementor-image-box-content\"><h1 class=\"elementor-image-box-title\">\u00bfQuieres Ayudar?<\/h1><\/div><\/div>\t\t<\/div>\n\t\t\t\t<\/div>\n\t\t\t\t<div class=\"elementor-element elementor-element-b27a371 elementor-align-center elementor-widget elementor-widget-button\" data-id=\"b27a371\" data-element_type=\"widget\" data-widget_type=\"button.default\">\n\t\t\t\t<div class=\"elementor-widget-container\">\n\t\t\t\t\t<div class=\"elementor-button-wrapper\">\n\t\t\t<a href=\"http:\/\/fundacionlober.org\/index.php\/registro-donador\/\" class=\"elementor-button-link elementor-button elementor-size-xl\" role=\"button\">\n\t\t\t\t\t\t<span class=\"elementor-button-content-wrapper\">\n\t\t\t\t\t\t<span class=\"elementor-button-text\">Registro de Donador<\/span>\n\t\t<\/span>\n\t\t\t\t\t<\/a>\n\t\t<\/div>\n\t\t\t\t<\/div>\n\t\t\t\t<\/div>\n\t\t\t\t\t\t<\/div>\n\t\t\t\t\t<\/div>\n\t\t<\/div>\n\t\t\t\t\t\t\t\t<\/div>\n\t\t\t\t\t<\/div>\n\t\t<\/section>\n\t\t\t\t<section class=\"elementor-section elementor-top-section elementor-element elementor-element-3b48b52 elementor-section-boxed elementor-section-height-default elementor-section-height-default\" data-id=\"3b48b52\" data-element_type=\"section\">\n\t\t\t\t\t\t<div class=\"elementor-container elementor-column-gap-default\">\n\t\t\t\t\t\t\t<div class=\"elementor-row\">\n\t\t\t\t\t<div class=\"elementor-column elementor-col-100 elementor-top-column elementor-element elementor-element-7b6c21a\" data-id=\"7b6c21a\" data-element_type=\"column\">\n\t\t\t<div class=\"elementor-column-wrap elementor-element-populated\">\n\t\t\t\t\t\t\t<div class=\"elementor-widget-wrap\">\n\t\t\t\t\t\t<div class=\"elementor-element elementor-element-a8160bd elementor-widget elementor-widget-heading\" data-id=\"a8160bd\" data-element_type=\"widget\" data-widget_type=\"heading.default\">\n\t\t\t\t<div class=\"elementor-widget-container\">\n\t\t\t<h2 class=\"elementor-heading-title elementor-size-default\">PROCESO DE LA DONACI\u00d3N DE \u00d3RGANOS:<\/h2>\t\t<\/div>\n\t\t\t\t<\/div>\n\t\t\t\t<div class=\"elementor-element elementor-element-20cbc5e elementor-widget elementor-widget-text-editor\" data-id=\"20cbc5e\" data-element_type=\"widget\" data-widget_type=\"text-editor.default\">\n\t\t\t\t<div class=\"elementor-widget-container\">\n\t\t\t\t\t<div class=\"elementor-text-editor elementor-clearfix\"><ol><li>El paciente se encuentra dentro de la unidad hospitalaria.<\/li><li>Se establece el diagnostico cl\u00ednico de la muerte cerebral.<\/li><li>Se realizan estudios confirmatorios de la muerte cerebral.<\/li><li>Se certifica la perdida de la vida.<\/li><li>Se hace referencia al Centro Nacional de Trasplantes (CENATRA), al Registro Nacional de Trasplantes (RNT) o al consejo Estatal de Trasplantes (COETRA), seg\u00fan sea el caso.<\/li><li>El probable donador es evaluado y manejado por el coordinador hospitalario en trasplantes.<\/li><li>Ofrece a la familia la opci\u00f3n de donaci\u00f3n, en caso de aceptaci\u00f3n.<\/li><li>Se avisa al CENATRA, o en su caso al COETRA, para la asignaci\u00f3n de \u00f3rganos y tejidos y se inicia el contacto con grupos procuradores.<\/li><li>Se procede a la realizaci\u00f3n del llenado de documentos oficiales, establecidos por el CENATRA, si la causa de muerte involucra en hecho violento, se informar\u00e1 al Ministerio Publico para que sean anexados los documentos de donaci\u00f3n a la averiguaci\u00f3n previa.<\/li><li>Una vez concluido el tr\u00e1mite, en ambos casos, se realiza la procuraci\u00f3n de \u00f3rganos y tejidos, en hospitales autorizados, los cuales son enviados a destinos ya establecidos por el CENATRA.<\/li><li>Por \u00faltimos, terminando la procuraci\u00f3n, el cad\u00e1ver se pone a disposici\u00f3n de la familia o bien al C. Agente del Ministerio P\u00fablico, seg\u00fan sea el caso.<\/li><\/ol><\/div>\n\t\t\t\t<\/div>\n\t\t\t\t<\/div>\n\t\t\t\t\t\t<\/div>\n\t\t\t\t\t<\/div>\n\t\t<\/div>\n\t\t\t\t\t\t\t\t<\/div>\n\t\t\t\t\t<\/div>\n\t\t<\/section>\n\t\t\t\t<section class=\"elementor-section elementor-top-section elementor-element elementor-element-6f951fc elementor-section-boxed elementor-section-height-default elementor-section-height-default\" data-id=\"6f951fc\" data-element_type=\"section\">\n\t\t\t\t\t\t<div class=\"elementor-container elementor-column-gap-default\">\n\t\t\t\t\t\t\t<div class=\"elementor-row\">\n\t\t\t\t\t<div class=\"elementor-column elementor-col-50 elementor-top-column elementor-element elementor-element-1c2beaa\" data-id=\"1c2beaa\" data-element_type=\"column\">\n\t\t\t<div class=\"elementor-column-wrap elementor-element-populated\">\n\t\t\t\t\t\t\t<div class=\"elementor-widget-wrap\">\n\t\t\t\t\t\t<div class=\"elementor-element elementor-element-6549069 elementor-flip-box--effect-flip elementor-flip-box--direction-up elementor-widget elementor-widget-flip-box\" data-id=\"6549069\" data-element_type=\"widget\" data-widget_type=\"flip-box.default\">\n\t\t\t\t<div class=\"elementor-widget-container\">\n\t\t\t\t\t<div class=\"elementor-flip-box\">\n\t\t\t<div class=\"elementor-flip-box__layer elementor-flip-box__front\">\n\t\t\t\t<div class=\"elementor-flip-box__layer__overlay\">\n\t\t\t\t\t<div class=\"elementor-flip-box__layer__inner\">\n\t\t\t\t\t\t\n\t\t\t\t\t\t\t\t\t\t\t\t\t<h3 class=\"elementor-flip-box__layer__title\">\n\t\t\t\t\t\t\t\tDonaci\u00f3n de Organos\t\t\t\t\t\t\t<\/h3>\n\t\t\t\t\t\t\n\t\t\t\t\t\t\t\t\t\t\t<\/div>\n\t\t\t\t<\/div>\n\t\t\t<\/div>\n\t\t\t<div class=\"elementor-flip-box__layer elementor-flip-box__back\">\n\t\t\t<div class=\"elementor-flip-box__layer__overlay\">\n\t\t\t\t<div class=\"elementor-flip-box__layer__inner\">\n\t\t\t\t\t\n\t\t\t\t\t\t\t\t\t\t\t<div class=\"elementor-flip-box__layer__description\">\n\t\t\t\t\t\t\tLa donaci\u00f3n de \u00f3rganos es un proceso m\u00e9dico complejo y est\u00e1 sujeto a supervisi\u00f3n y verificaci\u00f3n de diferentes autoridades; sin embargo, debido a que no todo el mundo esta consciente de la trascendencia de la cultura de donaci\u00f3n, as\u00ed como por la falta de conocimiento de la legislaci\u00f3n y normas que la rigen, en nuestro pa\u00eds cada a\u00f1o fallece un importante n\u00famero de paciente en espera.\t\t\t\t\t\t<\/div>\n\t\t\t\t\t\n\t\t\t\t\t\t\t\t<\/div>\n\t\t<\/div>\n\t\t<\/div>\n\t\t<\/div>\n\t\t\t\t<\/div>\n\t\t\t\t<\/div>\n\t\t\t\t\t\t<\/div>\n\t\t\t\t\t<\/div>\n\t\t<\/div>\n\t\t\t\t<div class=\"elementor-column elementor-col-50 elementor-top-column elementor-element elementor-element-d15edf4\" data-id=\"d15edf4\" data-element_type=\"column\">\n\t\t\t<div class=\"elementor-column-wrap elementor-element-populated\">\n\t\t\t\t\t\t\t<div class=\"elementor-widget-wrap\">\n\t\t\t\t\t\t<div class=\"elementor-element elementor-element-367da27 elementor-flip-box--effect-flip elementor-flip-box--direction-up elementor-widget elementor-widget-flip-box\" data-id=\"367da27\" data-element_type=\"widget\" data-widget_type=\"flip-box.default\">\n\t\t\t\t<div class=\"elementor-widget-container\">\n\t\t\t\t\t<div class=\"elementor-flip-box\">\n\t\t\t<div class=\"elementor-flip-box__layer elementor-flip-box__front\">\n\t\t\t\t<div class=\"elementor-flip-box__layer__overlay\">\n\t\t\t\t\t<div class=\"elementor-flip-box__layer__inner\">\n\t\t\t\t\t\t\n\t\t\t\t\t\t\t\t\t\t\t\t\t<h3 class=\"elementor-flip-box__layer__title\">\n\t\t\t\t\t\t\t\tDonaci\u00f3n de Organos\t\t\t\t\t\t\t<\/h3>\n\t\t\t\t\t\t\n\t\t\t\t\t\t\t\t\t\t\t<\/div>\n\t\t\t\t<\/div>\n\t\t\t<\/div>\n\t\t\t<div class=\"elementor-flip-box__layer elementor-flip-box__back\">\n\t\t\t<div class=\"elementor-flip-box__layer__overlay\">\n\t\t\t\t<div class=\"elementor-flip-box__layer__inner\">\n\t\t\t\t\t\n\t\t\t\t\t\t\t\t\t\t\t<div class=\"elementor-flip-box__layer__description\">\n\t\t\t\t\t\t\tEl trasplante de \u00f3rganos y tejidos se presenta como una oportunidad invaluable para aquellos pacientes con padecimientos cr\u00f3nicos degenerativos cuya consecuencia es la insuficiencia de alg\u00fan \u00f3rgano y en la mayor\u00eda de los casos en trasplante es la \u00fanica opci\u00f3n de corregir la falla y por supuesto conservar la vida.\t\t\t\t\t\t<\/div>\n\t\t\t\t\t\n\t\t\t\t\t\t\t\t<\/div>\n\t\t<\/div>\n\t\t<\/div>\n\t\t<\/div>\n\t\t\t\t<\/div>\n\t\t\t\t<\/div>\n\t\t\t\t\t\t<\/div>\n\t\t\t\t\t<\/div>\n\t\t<\/div>\n\t\t\t\t\t\t\t\t<\/div>\n\t\t\t\t\t<\/div>\n\t\t<\/section>\n\t\t\t\t<section class=\"elementor-section elementor-top-section elementor-element elementor-element-b9738b5 elementor-section-boxed elementor-section-height-default elementor-section-height-default\" data-id=\"b9738b5\" data-element_type=\"section\">\n\t\t\t\t\t\t<div class=\"elementor-container elementor-column-gap-default\">\n\t\t\t\t\t\t\t<div class=\"elementor-row\">\n\t\t\t\t\t<div class=\"elementor-column elementor-col-100 elementor-top-column elementor-element elementor-element-7096454\" data-id=\"7096454\" data-element_type=\"column\">\n\t\t\t<div class=\"elementor-column-wrap\">\n\t\t\t\t\t\t\t<div class=\"elementor-widget-wrap\">\n\t\t\t\t\t\t\t\t<\/div>\n\t\t\t\t\t<\/div>\n\t\t<\/div>\n\t\t\t\t\t\t\t\t<\/div>\n\t\t\t\t\t<\/div>\n\t\t<\/section>\n\t\t\t\t\t\t<\/div>\n\t\t\t\t\t\t<\/div>\n\t\t\t\t\t<\/div>\n\t\t","protected":false},"excerpt":{"rendered":"<p>\u00bfQuieres Ayudar? Registro de Donador PROCESO DE LA DONACI\u00d3N DE \u00d3RGANOS: El paciente se encuentra dentro de la unidad hospitalaria. Se establece el diagnostico cl\u00ednico de la muerte cerebral. Se realizan estudios confirmatorios de la muerte cerebral. Se certifica la perdida de la vida. Se hace referencia al Centro Nacional de Trasplantes (CENATRA), al Registro &hellip;<\/p>\n<p class=\"read-more\"> <a class=\"\" href=\"https:\/\/fundacionlober.org\/index.php\/quiero-donar-organos\/\"> <span class=\"screen-reader-text\">\u00bfQuiero Donar Organos?<\/span> Leer m\u00e1s &raquo;<\/a><\/p>\n","protected":false},"author":3,"featured_media":0,"parent":0,"menu_order":0,"comment_status":"closed","ping_status":"closed","template":"","meta":{"footnotes":""},"class_list":["post-25466","page","type-page","status-publish","hentry"],"_links":{"self":[{"href":"https:\/\/fundacionlober.org\/index.php\/wp-json\/wp\/v2\/pages\/25466","targetHints":{"allow":["GET"]}}],"collection":[{"href":"https:\/\/fundacionlober.org\/index.php\/wp-json\/wp\/v2\/pages"}],"about":[{"href":"https:\/\/fundacionlober.org\/index.php\/wp-json\/wp\/v2\/types\/page"}],"author":[{"embeddable":true,"href":"https:\/\/fundacionlober.org\/index.php\/wp-json\/wp\/v2\/users\/3"}],"replies":[{"embeddable":true,"href":"https:\/\/fundacionlober.org\/index.php\/wp-json\/wp\/v2\/comments?post=25466"}],"version-history":[{"count":16,"href":"https:\/\/fundacionlober.org\/index.php\/wp-json\/wp\/v2\/pages\/25466\/revisions"}],"predecessor-version":[{"id":25698,"href":"https:\/\/fundacionlober.org\/index.php\/wp-json\/wp\/v2\/pages\/25466\/revisions\/25698"}],"wp:attachment":[{"href":"https:\/\/fundacionlober.org\/index.php\/wp-json\/wp\/v2\/media?parent=25466"}],"curies":[{"name":"wp","href":"https:\/\/api.w.org\/{rel}","templated":true}]}}